{"id":119,"date":"2009-06-06T09:55:13","date_gmt":"2009-06-06T08:55:13","guid":{"rendered":"http:\/\/www.dr-gallitz.de\/?page_id=119"},"modified":"2024-05-17T17:04:59","modified_gmt":"2024-05-17T16:04:59","slug":"gesundheits-check-35","status":"publish","type":"page","link":"https:\/\/www.dr-gallitz.de\/?page_id=119","title":{"rendered":"Gesundheits-Check 35+"},"content":{"rendered":"<p>Diese Vorsorgeuntersuchung heisst auch Untersuchung zur Fr\u00fcherkennung von Krankheiten &#8211; sie wird von allen gesetzlichen Krankenkassen bei Menschen im Alter von 18-34 einmalig und im Alter von 35 und mehr Jahren alle drei Kalenderjahre bezahlt und empfohlen. Dabei werden einige Blutwerte bestimmt (Insbesondere das Cholesterin und der Blutzucker), der Urin wird untersucht und es wird eine k\u00f6rperliche Untersuchung durchgef\u00fchrt. Ein Ruhe-EKG und bei Bedarf ein Belastungs- oder 24-Stunden-EKG werden abgeleitet. Auch werden einige Fragen zu Ihrer Vorgeschichte, zu Risikofaktoren, die Krankheiten ausl\u00f6sen k\u00f6nnen, sowie zu Krankheiten, die in Ihrer Familie aufgetreten sind, besprochen. Wenn n\u00f6tig f\u00fchre ich nat\u00fcrlich weitere Untersuchungen wie zum Beispiel einen Ultraschall des Bauches, der Schilddr\u00fcse oder der Halsschlagadern sowie weitere Blutuntersuchungen durch.<\/p>\n","protected":false},"excerpt":{"rendered":"<p>Diese Vorsorgeuntersuchung heisst auch Untersuchung zur Fr\u00fcherkennung von Krankheiten &#8211; sie wird von allen gesetzlichen Krankenkassen bei Menschen im Alter von 18-34 einmalig und im Alter von 35 und mehr Jahren alle drei Kalenderjahre bezahlt und empfohlen. Dabei werden einige &hellip; <a href=\"https:\/\/www.dr-gallitz.de\/?page_id=119\">Continue reading <span class=\"meta-nav\">&rarr;<\/span><\/a><\/p>\n","protected":false},"author":1,"featured_media":0,"parent":254,"menu_order":1,"comment_status":"closed","ping_status":"closed","template":"","meta":{"footnotes":""},"class_list":["post-119","page","type-page","status-publish","hentry"],"_links":{"self":[{"href":"https:\/\/www.dr-gallitz.de\/index.php?rest_route=\/wp\/v2\/pages\/119","targetHints":{"allow":["GET"]}}],"collection":[{"href":"https:\/\/www.dr-gallitz.de\/index.php?rest_route=\/wp\/v2\/pages"}],"about":[{"href":"https:\/\/www.dr-gallitz.de\/index.php?rest_route=\/wp\/v2\/types\/page"}],"author":[{"embeddable":true,"href":"https:\/\/www.dr-gallitz.de\/index.php?rest_route=\/wp\/v2\/users\/1"}],"replies":[{"embeddable":true,"href":"https:\/\/www.dr-gallitz.de\/index.php?rest_route=%2Fwp%2Fv2%2Fcomments&post=119"}],"version-history":[{"count":5,"href":"https:\/\/www.dr-gallitz.de\/index.php?rest_route=\/wp\/v2\/pages\/119\/revisions"}],"predecessor-version":[{"id":674,"href":"https:\/\/www.dr-gallitz.de\/index.php?rest_route=\/wp\/v2\/pages\/119\/revisions\/674"}],"up":[{"embeddable":true,"href":"https:\/\/www.dr-gallitz.de\/index.php?rest_route=\/wp\/v2\/pages\/254"}],"wp:attachment":[{"href":"https:\/\/www.dr-gallitz.de\/index.php?rest_route=%2Fwp%2Fv2%2Fmedia&parent=119"}],"curies":[{"name":"wp","href":"https:\/\/api.w.org\/{rel}","templated":true}]}}