{"id":123,"date":"2009-06-06T10:12:30","date_gmt":"2009-06-06T09:12:30","guid":{"rendered":"http:\/\/www.dr-gallitz.de\/?page_id=123"},"modified":"2023-04-03T12:11:38","modified_gmt":"2023-04-03T11:11:38","slug":"labor","status":"publish","type":"page","link":"https:\/\/www.dr-gallitz.de\/?page_id=123","title":{"rendered":"Labor"},"content":{"rendered":"<p>In unserem Labor nehmen wir Ihnen Blut ab und k\u00f6nnen mittels moderner Analyseger\u00e4te einige wichtige Parameter sofort kontrollieren. Hierzu geh\u00f6ren der Blutzucker, der HbA1c (auch als Langzeitzucker bekannt), das CRP (ein unspezifischer Entz\u00fcndungsparameter), die D-Dimere (ein Wert zum Ausschluss einer Thrombose), aber auch das Troponin (ein Wert, der hilft, einen Herzinfarkt auszuschlie\u00dfen). Weiterhin k\u00f6nnen wir einen Schnelltest auf Streptokokken durchf\u00fchren und Ihren Urin mittels Teststreifen und Mikroskop beurteilen.<br \/>\nAlle weiteren Laborwerte werden in unserem Partnerlabor bestimmt und stehen Ihnen im Notfall innerhalb einiger Stunden, im Regelfall am Folgetag zur Verf\u00fcgung. Hier sind alle denkbaren Laboruntersuchungen m\u00f6glich.<\/p>\n","protected":false},"excerpt":{"rendered":"<p>In unserem Labor nehmen wir Ihnen Blut ab und k\u00f6nnen mittels moderner Analyseger\u00e4te einige wichtige Parameter sofort kontrollieren. Hierzu geh\u00f6ren der Blutzucker, der HbA1c (auch als Langzeitzucker bekannt), das CRP (ein unspezifischer Entz\u00fcndungsparameter), die D-Dimere (ein Wert zum Ausschluss einer &hellip; <a href=\"https:\/\/www.dr-gallitz.de\/?page_id=123\">Continue reading <span class=\"meta-nav\">&rarr;<\/span><\/a><\/p>\n","protected":false},"author":1,"featured_media":0,"parent":7,"menu_order":11,"comment_status":"closed","ping_status":"closed","template":"","meta":{"footnotes":""},"class_list":["post-123","page","type-page","status-publish","hentry"],"_links":{"self":[{"href":"https:\/\/www.dr-gallitz.de\/index.php?rest_route=\/wp\/v2\/pages\/123","targetHints":{"allow":["GET"]}}],"collection":[{"href":"https:\/\/www.dr-gallitz.de\/index.php?rest_route=\/wp\/v2\/pages"}],"about":[{"href":"https:\/\/www.dr-gallitz.de\/index.php?rest_route=\/wp\/v2\/types\/page"}],"author":[{"embeddable":true,"href":"https:\/\/www.dr-gallitz.de\/index.php?rest_route=\/wp\/v2\/users\/1"}],"replies":[{"embeddable":true,"href":"https:\/\/www.dr-gallitz.de\/index.php?rest_route=%2Fwp%2Fv2%2Fcomments&post=123"}],"version-history":[{"count":3,"href":"https:\/\/www.dr-gallitz.de\/index.php?rest_route=\/wp\/v2\/pages\/123\/revisions"}],"predecessor-version":[{"id":279,"href":"https:\/\/www.dr-gallitz.de\/index.php?rest_route=\/wp\/v2\/pages\/123\/revisions\/279"}],"up":[{"embeddable":true,"href":"https:\/\/www.dr-gallitz.de\/index.php?rest_route=\/wp\/v2\/pages\/7"}],"wp:attachment":[{"href":"https:\/\/www.dr-gallitz.de\/index.php?rest_route=%2Fwp%2Fv2%2Fmedia&parent=123"}],"curies":[{"name":"wp","href":"https:\/\/api.w.org\/{rel}","templated":true}]}}