{"id":147,"date":"2009-06-13T23:11:47","date_gmt":"2009-06-13T22:11:47","guid":{"rendered":"http:\/\/www.dr-gallitz.de\/?page_id=147"},"modified":"2023-04-03T12:13:18","modified_gmt":"2023-04-03T11:13:18","slug":"ultraschall-der-schilddruse","status":"publish","type":"page","link":"https:\/\/www.dr-gallitz.de\/?page_id=147","title":{"rendered":"Ultraschall der Schilddr\u00fcse"},"content":{"rendered":"<p>Zur Beurteilung der Schilddr\u00fcse. Hier k\u00f6nnen Knoten, Zysten (fl\u00fcssigkeitsgef\u00fcllte Hohlr\u00e4ume) und Entz\u00fcndungen festgestellt werden.<\/p>\n","protected":false},"excerpt":{"rendered":"<p>Zur Beurteilung der Schilddr\u00fcse. Hier k\u00f6nnen Knoten, Zysten (fl\u00fcssigkeitsgef\u00fcllte Hohlr\u00e4ume) und Entz\u00fcndungen festgestellt werden.<\/p>\n","protected":false},"author":1,"featured_media":0,"parent":263,"menu_order":12,"comment_status":"closed","ping_status":"closed","template":"","meta":{"footnotes":""},"class_list":["post-147","page","type-page","status-publish","hentry"],"_links":{"self":[{"href":"https:\/\/www.dr-gallitz.de\/index.php?rest_route=\/wp\/v2\/pages\/147","targetHints":{"allow":["GET"]}}],"collection":[{"href":"https:\/\/www.dr-gallitz.de\/index.php?rest_route=\/wp\/v2\/pages"}],"about":[{"href":"https:\/\/www.dr-gallitz.de\/index.php?rest_route=\/wp\/v2\/types\/page"}],"author":[{"embeddable":true,"href":"https:\/\/www.dr-gallitz.de\/index.php?rest_route=\/wp\/v2\/users\/1"}],"replies":[{"embeddable":true,"href":"https:\/\/www.dr-gallitz.de\/index.php?rest_route=%2Fwp%2Fv2%2Fcomments&post=147"}],"version-history":[{"count":3,"href":"https:\/\/www.dr-gallitz.de\/index.php?rest_route=\/wp\/v2\/pages\/147\/revisions"}],"predecessor-version":[{"id":267,"href":"https:\/\/www.dr-gallitz.de\/index.php?rest_route=\/wp\/v2\/pages\/147\/revisions\/267"}],"up":[{"embeddable":true,"href":"https:\/\/www.dr-gallitz.de\/index.php?rest_route=\/wp\/v2\/pages\/263"}],"wp:attachment":[{"href":"https:\/\/www.dr-gallitz.de\/index.php?rest_route=%2Fwp%2Fv2%2Fmedia&parent=147"}],"curies":[{"name":"wp","href":"https:\/\/api.w.org\/{rel}","templated":true}]}}