{"id":191,"date":"2009-06-20T19:56:40","date_gmt":"2009-06-20T18:56:40","guid":{"rendered":"http:\/\/www.dr-gallitz.de\/?page_id=191"},"modified":"2023-04-03T12:13:00","modified_gmt":"2023-04-03T11:13:00","slug":"behandlung-aller-diabetes-typen-einschl-insulinpumpentherapie","status":"publish","type":"page","link":"https:\/\/www.dr-gallitz.de\/?page_id=191","title":{"rendered":"Behandlung aller Diabetes-Typen einschl. Insulinpumpentherapie"},"content":{"rendered":"<p>Wir betreuen Patienten mit allen Diabetestypen. Dabei wenden wir alle aktuellen Therapiestrategien an. Hierzu geh\u00f6ren die Therapie mittels Di\u00e4t und Tabletten, aber auch die Insulintherapie. Selbstverst\u00e4ndlich betreuen wir auch Insulinpumpentr\u00e4ger. <\/p>\n","protected":false},"excerpt":{"rendered":"<p>Wir betreuen Patienten mit allen Diabetestypen. Dabei wenden wir alle aktuellen Therapiestrategien an. Hierzu geh\u00f6ren die Therapie mittels Di\u00e4t und Tabletten, aber auch die Insulintherapie. Selbstverst\u00e4ndlich betreuen wir auch Insulinpumpentr\u00e4ger.<\/p>\n","protected":false},"author":1,"featured_media":0,"parent":259,"menu_order":4,"comment_status":"closed","ping_status":"closed","template":"","meta":{"footnotes":""},"class_list":["post-191","page","type-page","status-publish","hentry"],"_links":{"self":[{"href":"https:\/\/www.dr-gallitz.de\/index.php?rest_route=\/wp\/v2\/pages\/191","targetHints":{"allow":["GET"]}}],"collection":[{"href":"https:\/\/www.dr-gallitz.de\/index.php?rest_route=\/wp\/v2\/pages"}],"about":[{"href":"https:\/\/www.dr-gallitz.de\/index.php?rest_route=\/wp\/v2\/types\/page"}],"author":[{"embeddable":true,"href":"https:\/\/www.dr-gallitz.de\/index.php?rest_route=\/wp\/v2\/users\/1"}],"replies":[{"embeddable":true,"href":"https:\/\/www.dr-gallitz.de\/index.php?rest_route=%2Fwp%2Fv2%2Fcomments&post=191"}],"version-history":[{"count":6,"href":"https:\/\/www.dr-gallitz.de\/index.php?rest_route=\/wp\/v2\/pages\/191\/revisions"}],"predecessor-version":[{"id":261,"href":"https:\/\/www.dr-gallitz.de\/index.php?rest_route=\/wp\/v2\/pages\/191\/revisions\/261"}],"up":[{"embeddable":true,"href":"https:\/\/www.dr-gallitz.de\/index.php?rest_route=\/wp\/v2\/pages\/259"}],"wp:attachment":[{"href":"https:\/\/www.dr-gallitz.de\/index.php?rest_route=%2Fwp%2Fv2%2Fmedia&parent=191"}],"curies":[{"name":"wp","href":"https:\/\/api.w.org\/{rel}","templated":true}]}}