{"id":196,"date":"2009-06-20T20:17:31","date_gmt":"2009-06-20T19:17:31","guid":{"rendered":"http:\/\/www.dr-gallitz.de\/?page_id=196"},"modified":"2023-04-03T12:12:11","modified_gmt":"2023-04-03T11:12:11","slug":"jugendschutzuntersuchungen","status":"publish","type":"page","link":"https:\/\/www.dr-gallitz.de\/?page_id=196","title":{"rendered":"Jugendschutz"},"content":{"rendered":"<p>Bei einer Jugendschutzuntersuchung wird vor Beginn einer Ausbildung die Eignung des Jugendlichen f\u00fcr die dort geplanten T\u00e4tigkeiten gepr\u00fcft &#8211; ggf. werden T\u00e4tigkeiten ausgeschlossen oder weitere Untersuchungen empfohlen.<\/p>\n","protected":false},"excerpt":{"rendered":"<p>Bei einer Jugendschutzuntersuchung wird vor Beginn einer Ausbildung die Eignung des Jugendlichen f\u00fcr die dort geplanten T\u00e4tigkeiten gepr\u00fcft &#8211; ggf. werden T\u00e4tigkeiten ausgeschlossen oder weitere Untersuchungen empfohlen.<\/p>\n","protected":false},"author":1,"featured_media":0,"parent":7,"menu_order":20,"comment_status":"closed","ping_status":"closed","template":"","meta":{"footnotes":""},"class_list":["post-196","page","type-page","status-publish","hentry"],"_links":{"self":[{"href":"https:\/\/www.dr-gallitz.de\/index.php?rest_route=\/wp\/v2\/pages\/196","targetHints":{"allow":["GET"]}}],"collection":[{"href":"https:\/\/www.dr-gallitz.de\/index.php?rest_route=\/wp\/v2\/pages"}],"about":[{"href":"https:\/\/www.dr-gallitz.de\/index.php?rest_route=\/wp\/v2\/types\/page"}],"author":[{"embeddable":true,"href":"https:\/\/www.dr-gallitz.de\/index.php?rest_route=\/wp\/v2\/users\/1"}],"replies":[{"embeddable":true,"href":"https:\/\/www.dr-gallitz.de\/index.php?rest_route=%2Fwp%2Fv2%2Fcomments&post=196"}],"version-history":[{"count":4,"href":"https:\/\/www.dr-gallitz.de\/index.php?rest_route=\/wp\/v2\/pages\/196\/revisions"}],"predecessor-version":[{"id":233,"href":"https:\/\/www.dr-gallitz.de\/index.php?rest_route=\/wp\/v2\/pages\/196\/revisions\/233"}],"up":[{"embeddable":true,"href":"https:\/\/www.dr-gallitz.de\/index.php?rest_route=\/wp\/v2\/pages\/7"}],"wp:attachment":[{"href":"https:\/\/www.dr-gallitz.de\/index.php?rest_route=%2Fwp%2Fv2%2Fmedia&parent=196"}],"curies":[{"name":"wp","href":"https:\/\/api.w.org\/{rel}","templated":true}]}}