{"id":198,"date":"2009-06-20T20:25:08","date_gmt":"2009-06-20T19:25:08","guid":{"rendered":"http:\/\/www.dr-gallitz.de\/?page_id=198"},"modified":"2023-04-03T12:12:06","modified_gmt":"2023-04-03T11:12:06","slug":"tauchtauglichkeitsuntersuchung","status":"publish","type":"page","link":"https:\/\/www.dr-gallitz.de\/?page_id=198","title":{"rendered":"Tauchtauglichkeit"},"content":{"rendered":"<p>Bei der Untersuchung zur Tauchtauglichkeit pr\u00fcfen wir ihre k\u00f6rperliche Bef\u00e4higung zum Flaschentauchen nach den Leitlinien der Gesellschaft f\u00fcr Tauch- und \u00dcberdruckmedizin e.V. (GTUEM e.V.).<br \/>\nDiese Leistung wird weder von gesetzlichen noch von privaten Krankenkassen \u00fcbernommen und muss daher selbst bezahlt werden. <\/p>\n","protected":false},"excerpt":{"rendered":"<p>Bei der Untersuchung zur Tauchtauglichkeit pr\u00fcfen wir ihre k\u00f6rperliche Bef\u00e4higung zum Flaschentauchen nach den Leitlinien der Gesellschaft f\u00fcr Tauch- und \u00dcberdruckmedizin e.V. (GTUEM e.V.). Diese Leistung wird weder von gesetzlichen noch von privaten Krankenkassen \u00fcbernommen und muss daher selbst bezahlt &hellip; <a href=\"https:\/\/www.dr-gallitz.de\/?page_id=198\">Continue reading <span class=\"meta-nav\">&rarr;<\/span><\/a><\/p>\n","protected":false},"author":1,"featured_media":0,"parent":7,"menu_order":17,"comment_status":"closed","ping_status":"closed","template":"","meta":{"footnotes":""},"class_list":["post-198","page","type-page","status-publish","hentry"],"_links":{"self":[{"href":"https:\/\/www.dr-gallitz.de\/index.php?rest_route=\/wp\/v2\/pages\/198","targetHints":{"allow":["GET"]}}],"collection":[{"href":"https:\/\/www.dr-gallitz.de\/index.php?rest_route=\/wp\/v2\/pages"}],"about":[{"href":"https:\/\/www.dr-gallitz.de\/index.php?rest_route=\/wp\/v2\/types\/page"}],"author":[{"embeddable":true,"href":"https:\/\/www.dr-gallitz.de\/index.php?rest_route=\/wp\/v2\/users\/1"}],"replies":[{"embeddable":true,"href":"https:\/\/www.dr-gallitz.de\/index.php?rest_route=%2Fwp%2Fv2%2Fcomments&post=198"}],"version-history":[{"count":7,"href":"https:\/\/www.dr-gallitz.de\/index.php?rest_route=\/wp\/v2\/pages\/198\/revisions"}],"predecessor-version":[{"id":245,"href":"https:\/\/www.dr-gallitz.de\/index.php?rest_route=\/wp\/v2\/pages\/198\/revisions\/245"}],"up":[{"embeddable":true,"href":"https:\/\/www.dr-gallitz.de\/index.php?rest_route=\/wp\/v2\/pages\/7"}],"wp:attachment":[{"href":"https:\/\/www.dr-gallitz.de\/index.php?rest_route=%2Fwp%2Fv2%2Fmedia&parent=198"}],"curies":[{"name":"wp","href":"https:\/\/api.w.org\/{rel}","templated":true}]}}