{"id":2,"date":"2007-02-16T19:19:03","date_gmt":"2007-02-16T18:19:03","guid":{"rendered":""},"modified":"2023-04-03T11:34:17","modified_gmt":"2023-04-03T10:34:17","slug":"about","status":"publish","type":"page","link":"https:\/\/www.dr-gallitz.de\/?page_id=2","title":{"rendered":"\u00dcber mich"},"content":{"rendered":"<p><img loading=\"lazy\" decoding=\"async\" src=\"https:\/\/www.dr-gallitz.de\/wp-content\/uploads\/2023\/04\/image-20230403-121335.jpeg\" alt=\"Dr. Gallitz\" title=\"Dr. Gallitz\" class=\"alignright size-full wp-image-27\" width=\"100\" height=\"144\"><br \/>\nSeit 12. M\u00e4rz 2009 bin ich jetzt als niedergelassener Facharzt in der ehemaligen Praxis meines Vaters Dr. med. Timm Gallitz t\u00e4tig. Schweren Herzens hat sich dieser nach 34 Jahren aus der aktiven Patientenversorgung zur\u00fcckgezogen.<br \/>\nSelbstverst\u00e4ndlich biete ich Ihnen alle Leistungen, die mein Vater als Internist angeboten hat. Ich habe im Februar 2009 die Facharztpr\u00fcfung zum Facharzt f\u00fcr Innere und Allgemeinmedizin abgelegt, bin aber auf Grund einer EU-Intervention gezwungen, &#8220;nur&#8221; den Facharzt f\u00fcr Allgemeinmedizin zu f\u00fchren. N\u00e4heres dazu finden Sie <a href=\"https:\/\/www.dr-gallitz.de\/blaek.txt\">hier<\/a>. Im Juli 2009 habe ich weiterhin die Pr\u00fcfung zum Diabetologen vor der Bayerischen Landes\u00e4rztekammer abgelegt.<\/p>\n<p><strong>Lebenslauf:<\/strong><\/p>\n<p>Name: Dr. med. Benedikt Morten Gallitz<br \/>\nGeburtstag: 11. Januar 1973<br \/>\nGeburtsort: M\u00fcnchen<br \/>\nNationalit\u00e4t: Deutsch<\/p>\n<p>Studium:<br \/>\n1995 bis 2001  Studium der Humanmedizin an der Freien Universit\u00e4t Berlin<\/p>\n<p>Famulaturen:<br \/>\n07.1997 bis 03.2000<br \/>\nDermatologie und Sozialmedizin &#8211; Nordseeklinik Westerland<br \/>\nInnere Medizin \u2013 Praxis Dr. T. Gallitz \/ Baldham<br \/>\nTraumatologie &#8211; Universit\u00e4tsklinikum Rechts der Isar \/ M\u00fcnchen<br \/>\nHals-Nasen-Ohren-Heilkunde &#8211; Universit\u00e4tsspital Z\u00fcrich \/ Schweiz<\/p>\n<p>Praktisches Jahr:<br \/>\n10.2000 bis 02.2001<br \/>\nInnere Medizin &#8211; Immanuelkrankenhaus &#8211; Freie Universit\u00e4t Berlin<br \/>\n02.2001 bis 06.2001<br \/>\nNotfallzentrum &#8211; Inselspital Bern &#8211; Universit\u00e4t Bern\/Schweiz<br \/>\n06.2001 bis 09.2001<br \/>\nPaediatrie &#8211; Hospital Eugenio Espejo &#8211; Universidad Central del Ecuador \u2013 Quito\/Ecuador<\/p>\n<p>Facharztausbildung:<br \/>\n02.2002 bis 08.2002<br \/>\nPRHO General Surgery &#8211; Darlington Memorial Hospital &#8211; University of Newcastle\/UK<br \/>\nRotation Allgemeinchirurgie und Urologie<br \/>\n08.2002 bis 02.2003<br \/>\nPRHO General Medicine &#8211; Darlington Memorial Hospital &#8211; University of Newcastle\/UK<br \/>\nRotation Kardiologie, Gastroenterologie und Geriatrie<br \/>\n05.2003 bis 05.2004<br \/>\nAiP\/Assistenzarzt \u2013 Medizinische Klinik III\/Geriatrie &#8211; Klinikum Bayreuth &#8211; Friedrich-Alexander-Universit\u00e4t Erlangen-N\u00fcrnberg<br \/>\n07.2004 bis 12.2005<br \/>\nAssistenzarzt &#8211; Innere Medizin &#8211; Kreisklinik Ebersberg &#8211; Akademisches Lehrkrankenhaus der Technischen Universit\u00e4t M\u00fcnchen<br \/>\n01.2006 bis 06.2007<br \/>\nWeiterbildungsassistent &#8211; Facharzt f\u00fcr Innere Medizin, Schwerpunktpraxis f\u00fcr Diabetologie &#8211; Praxis Dr. med. Timm Gallitz<br \/>\n07.2007 bis 07.2008<br \/>\nWeiterbildungsassistent &#8211; Praxis Gerald Schade &#8211; Facharzt f\u00fcr Innere Medizin, Angiologe, Diabetologe (DDG), Schwerpunktpraxis f\u00fcr Diabetologie<br \/>\n08.2008 bis 03.2009<br \/>\nSicherstellungsassistent &#8211; Facharzt f\u00fcr Innere Medizin, Schwerpunktpraxis f\u00fcr Diabetologie &#8211; Praxis Dr. med. Timm Gallitz<\/p>\n<p>Promotion: \u201cThe Clinical Correlation of the Temporal Bone Fractures and Spiral Computed Tomographic Scan: A Prospective and Consecutive Study at a Level I Trauma Center\u201d, publiziert in Traumatology<\/p>\n<p>Zusatzqualifikationen:<\/p>\n<p>Ausbildung zum Notarzt an der Medizinischen Hochschule Hannover (80 Std, Block A-D)<\/p>\n<p>Kurs f\u00fcr Reise- und Tropenmedizin nach dem Curriculum \u201eReisemedizinische Gesundheitsberatung\u201c der Bundes\u00e4rztekammer<\/p>\n<p>Mitglied der Deutschen Diabetes Gesellschaft<\/p>\n<p>Sprachen: Deutsch, Englisch (flie\u00dfend in Wort und Schrift), Spanisch (Grundkenntnisse)<\/p>\n","protected":false},"excerpt":{"rendered":"<p>Seit 12. M\u00e4rz 2009 bin ich jetzt als niedergelassener Facharzt in der ehemaligen Praxis meines Vaters Dr. med. Timm Gallitz t\u00e4tig. Schweren Herzens hat sich dieser nach 34 Jahren aus der aktiven Patientenversorgung zur\u00fcckgezogen. Selbstverst\u00e4ndlich biete ich Ihnen alle Leistungen, &hellip; <a href=\"https:\/\/www.dr-gallitz.de\/?page_id=2\">Continue reading <span class=\"meta-nav\">&rarr;<\/span><\/a><\/p>\n","protected":false},"author":1,"featured_media":540,"parent":0,"menu_order":3,"comment_status":"closed","ping_status":"open","template":"","meta":{"footnotes":""},"class_list":["post-2","page","type-page","status-publish","has-post-thumbnail","hentry"],"_links":{"self":[{"href":"https:\/\/www.dr-gallitz.de\/index.php?rest_route=\/wp\/v2\/pages\/2","targetHints":{"allow":["GET"]}}],"collection":[{"href":"https:\/\/www.dr-gallitz.de\/index.php?rest_route=\/wp\/v2\/pages"}],"about":[{"href":"https:\/\/www.dr-gallitz.de\/index.php?rest_route=\/wp\/v2\/types\/page"}],"author":[{"embeddable":true,"href":"https:\/\/www.dr-gallitz.de\/index.php?rest_route=\/wp\/v2\/users\/1"}],"replies":[{"embeddable":true,"href":"https:\/\/www.dr-gallitz.de\/index.php?rest_route=%2Fwp%2Fv2%2Fcomments&post=2"}],"version-history":[{"count":14,"href":"https:\/\/www.dr-gallitz.de\/index.php?rest_route=\/wp\/v2\/pages\/2\/revisions"}],"predecessor-version":[{"id":544,"href":"https:\/\/www.dr-gallitz.de\/index.php?rest_route=\/wp\/v2\/pages\/2\/revisions\/544"}],"wp:featuredmedia":[{"embeddable":true,"href":"https:\/\/www.dr-gallitz.de\/index.php?rest_route=\/wp\/v2\/media\/540"}],"wp:attachment":[{"href":"https:\/\/www.dr-gallitz.de\/index.php?rest_route=%2Fwp%2Fv2%2Fmedia&parent=2"}],"curies":[{"name":"wp","href":"https:\/\/api.w.org\/{rel}","templated":true}]}}