{"id":200,"date":"2009-06-20T20:28:24","date_gmt":"2009-06-20T19:28:24","guid":{"rendered":"http:\/\/www.dr-gallitz.de\/?page_id=200"},"modified":"2023-04-03T12:12:15","modified_gmt":"2023-04-03T11:12:15","slug":"lkw-fuhrerschein","status":"publish","type":"page","link":"https:\/\/www.dr-gallitz.de\/?page_id=200","title":{"rendered":"LKW-F\u00fchrerschein"},"content":{"rendered":"<p>\u00c4rztliche Untersuchung zur Verl\u00e4ngerung des LKW-F\u00fchrerscheins<\/p>\n","protected":false},"excerpt":{"rendered":"<p>\u00c4rztliche Untersuchung zur Verl\u00e4ngerung des LKW-F\u00fchrerscheins<\/p>\n","protected":false},"author":1,"featured_media":0,"parent":7,"menu_order":21,"comment_status":"closed","ping_status":"closed","template":"","meta":{"footnotes":""},"class_list":["post-200","page","type-page","status-publish","hentry"],"_links":{"self":[{"href":"https:\/\/www.dr-gallitz.de\/index.php?rest_route=\/wp\/v2\/pages\/200","targetHints":{"allow":["GET"]}}],"collection":[{"href":"https:\/\/www.dr-gallitz.de\/index.php?rest_route=\/wp\/v2\/pages"}],"about":[{"href":"https:\/\/www.dr-gallitz.de\/index.php?rest_route=\/wp\/v2\/types\/page"}],"author":[{"embeddable":true,"href":"https:\/\/www.dr-gallitz.de\/index.php?rest_route=\/wp\/v2\/users\/1"}],"replies":[{"embeddable":true,"href":"https:\/\/www.dr-gallitz.de\/index.php?rest_route=%2Fwp%2Fv2%2Fcomments&post=200"}],"version-history":[{"count":4,"href":"https:\/\/www.dr-gallitz.de\/index.php?rest_route=\/wp\/v2\/pages\/200\/revisions"}],"predecessor-version":[{"id":216,"href":"https:\/\/www.dr-gallitz.de\/index.php?rest_route=\/wp\/v2\/pages\/200\/revisions\/216"}],"up":[{"embeddable":true,"href":"https:\/\/www.dr-gallitz.de\/index.php?rest_route=\/wp\/v2\/pages\/7"}],"wp:attachment":[{"href":"https:\/\/www.dr-gallitz.de\/index.php?rest_route=%2Fwp%2Fv2%2Fmedia&parent=200"}],"curies":[{"name":"wp","href":"https:\/\/api.w.org\/{rel}","templated":true}]}}