{"id":202,"date":"2009-06-20T20:29:24","date_gmt":"2009-06-20T19:29:24","guid":{"rendered":"http:\/\/www.dr-gallitz.de\/?page_id=202"},"modified":"2023-04-03T12:12:01","modified_gmt":"2023-04-03T11:12:01","slug":"reisemedizinische-beratung","status":"publish","type":"page","link":"https:\/\/www.dr-gallitz.de\/?page_id=202","title":{"rendered":"Reisemedizinische Beratung"},"content":{"rendered":"<p>Wir beraten Sie zu n\u00f6tigen Vorsichtsma\u00dfnahmen und empfohlenen Impfungen bei Reisen in aller Herren L\u00e4nder.<br \/>\nDiese Leistung wird weder von gesetzlichen noch von privaten Krankenkassen \u00fcbernommen und muss daher selbst bezahlt werden. <\/p>\n","protected":false},"excerpt":{"rendered":"<p>Wir beraten Sie zu n\u00f6tigen Vorsichtsma\u00dfnahmen und empfohlenen Impfungen bei Reisen in aller Herren L\u00e4nder. Diese Leistung wird weder von gesetzlichen noch von privaten Krankenkassen \u00fcbernommen und muss daher selbst bezahlt werden.<\/p>\n","protected":false},"author":1,"featured_media":0,"parent":7,"menu_order":16,"comment_status":"closed","ping_status":"closed","template":"","meta":{"footnotes":""},"class_list":["post-202","page","type-page","status-publish","hentry"],"_links":{"self":[{"href":"https:\/\/www.dr-gallitz.de\/index.php?rest_route=\/wp\/v2\/pages\/202","targetHints":{"allow":["GET"]}}],"collection":[{"href":"https:\/\/www.dr-gallitz.de\/index.php?rest_route=\/wp\/v2\/pages"}],"about":[{"href":"https:\/\/www.dr-gallitz.de\/index.php?rest_route=\/wp\/v2\/types\/page"}],"author":[{"embeddable":true,"href":"https:\/\/www.dr-gallitz.de\/index.php?rest_route=\/wp\/v2\/users\/1"}],"replies":[{"embeddable":true,"href":"https:\/\/www.dr-gallitz.de\/index.php?rest_route=%2Fwp%2Fv2%2Fcomments&post=202"}],"version-history":[{"count":5,"href":"https:\/\/www.dr-gallitz.de\/index.php?rest_route=\/wp\/v2\/pages\/202\/revisions"}],"predecessor-version":[{"id":244,"href":"https:\/\/www.dr-gallitz.de\/index.php?rest_route=\/wp\/v2\/pages\/202\/revisions\/244"}],"up":[{"embeddable":true,"href":"https:\/\/www.dr-gallitz.de\/index.php?rest_route=\/wp\/v2\/pages\/7"}],"wp:attachment":[{"href":"https:\/\/www.dr-gallitz.de\/index.php?rest_route=%2Fwp%2Fv2%2Fmedia&parent=202"}],"curies":[{"name":"wp","href":"https:\/\/api.w.org\/{rel}","templated":true}]}}