{"id":251,"date":"2009-06-20T23:11:34","date_gmt":"2009-06-20T22:11:34","guid":{"rendered":"http:\/\/www.dr-gallitz.de\/?page_id=251"},"modified":"2024-05-17T17:07:35","modified_gmt":"2024-05-17T16:07:35","slug":"langzeit-ekg","status":"publish","type":"page","link":"https:\/\/www.dr-gallitz.de\/?page_id=251","title":{"rendered":"Langzeit-EKG\/-Blutdruck"},"content":{"rendered":"<p>Aufzeichnung der Herzschl\u00e4ge \u00fcber 24 Stunden zur Diagnostik von Herzrhythmusst\u00f6rungen bzw. Aufzeichnung des Blutdrucks \u00fcber 24 Stunden zur Erkennung eines erh\u00f6hten Blutdrucks oder auch einer Schlafapnoe.<\/p>\n","protected":false},"excerpt":{"rendered":"<p>Aufzeichnung der Herzschl\u00e4ge \u00fcber 24 Stunden zur Diagnostik von Herzrhythmusst\u00f6rungen bzw. Aufzeichnung des Blutdrucks \u00fcber 24 Stunden zur Erkennung eines erh\u00f6hten Blutdrucks oder auch einer Schlafapnoe.<\/p>\n","protected":false},"author":1,"featured_media":0,"parent":272,"menu_order":12,"comment_status":"closed","ping_status":"closed","template":"","meta":{"footnotes":""},"class_list":["post-251","page","type-page","status-publish","hentry"],"_links":{"self":[{"href":"https:\/\/www.dr-gallitz.de\/index.php?rest_route=\/wp\/v2\/pages\/251","targetHints":{"allow":["GET"]}}],"collection":[{"href":"https:\/\/www.dr-gallitz.de\/index.php?rest_route=\/wp\/v2\/pages"}],"about":[{"href":"https:\/\/www.dr-gallitz.de\/index.php?rest_route=\/wp\/v2\/types\/page"}],"author":[{"embeddable":true,"href":"https:\/\/www.dr-gallitz.de\/index.php?rest_route=\/wp\/v2\/users\/1"}],"replies":[{"embeddable":true,"href":"https:\/\/www.dr-gallitz.de\/index.php?rest_route=%2Fwp%2Fv2%2Fcomments&post=251"}],"version-history":[{"count":6,"href":"https:\/\/www.dr-gallitz.de\/index.php?rest_route=\/wp\/v2\/pages\/251\/revisions"}],"predecessor-version":[{"id":677,"href":"https:\/\/www.dr-gallitz.de\/index.php?rest_route=\/wp\/v2\/pages\/251\/revisions\/677"}],"up":[{"embeddable":true,"href":"https:\/\/www.dr-gallitz.de\/index.php?rest_route=\/wp\/v2\/pages\/272"}],"wp:attachment":[{"href":"https:\/\/www.dr-gallitz.de\/index.php?rest_route=%2Fwp%2Fv2%2Fmedia&parent=251"}],"curies":[{"name":"wp","href":"https:\/\/api.w.org\/{rel}","templated":true}]}}