{"id":41,"date":"2009-05-15T10:05:23","date_gmt":"2009-05-15T09:05:23","guid":{"rendered":"http:\/\/www.dr-gallitz.de\/?page_id=41"},"modified":"2026-03-30T09:59:02","modified_gmt":"2026-03-30T08:59:02","slug":"aktuell","status":"publish","type":"page","link":"https:\/\/www.dr-gallitz.de\/","title":{"rendered":"Aktuell"},"content":{"rendered":"<p><strong>*** Urlaub\/Sanierung \u00c4rztehaus ***<\/strong><br \/>\nVom 30.03. bis 10.04.26 bleibt die Praxis geschlossen. Die Vertretung \u00fcbernehmen in DRINGENDEN F\u00e4llen:<\/p>\n<p>30.3.-2.4.:<br \/>\nDr. Kemmerich &#8211; Fon 08106 5141<br \/>\nDrs. Maier\/Neef &#8211; Fon 08106 378880<br \/>\n7.4.-10.4.:<br \/>\nDr. Gro\u00df &#8211; Fon 08106 305300<br \/>\nDr. Wiesholler &#8211; Fon 089 54194099<br \/>\n30.3.-10.4.:<br \/>\nDrs. Ederer\/Denk &#8211; Fon 08106 302999<\/p>\n<p>Ab 13.4.26 sind wir wieder wie gewohnt f\u00fcr Sie da.<br \/>\n<strong>*** Urlaub\/Sanierung \u00c4rztehaus ***<\/strong><strong><\/strong><strong><\/strong><strong><\/strong><\/p>\n<p><strong> *** Anbindung online-Termine via doctolib *** <\/strong><br \/>\nAb sofort finden Sie oben rechts den Button zu <strong>doctolib<\/strong>. Dort sind online-Terminbuchungen und End-zu-End-verschl\u00fcsselte Nachrichten an unsere Praxis \u00fcber <strong>doctolib<\/strong> m\u00f6glich!<br \/>\n<strong> *** Anbindung online-Termine via doctolib *** <\/strong><\/p>\n<p><strong><\/strong><strong> *** eAU\/eRezept *** <\/strong>Seit Anfang April 2024 sind wir in der Lage, eAUs und eRezepte auszustellen. <strong> *** eAU\/eRezept *** <\/strong><strong><\/strong><strong><\/strong><\/p>\n<p>Wir impfen weiter regelm\u00e4\u00dfig gegen Corona. Immer nur mit dem aktuellen angepassten mRNA-Impfstoff von BionTech. Novavax ist nicht mehr verf\u00fcgbar. Bitte melden Sie sich f\u00fcr einen Termin in der Praxis.<br \/>\n<strong><\/strong>Informationen zur mRNA-Impfung gibt es in folgendem sehr verst\u00e4ndlichen Video: <a href=\"https:\/\/youtu.be\/0LnkoEOHSiM\" title=\"Video mRNA\" target=\"_blank\" rel=\"noopener noreferrer\">Video RKI mRNA<\/a> <strong><\/strong><strong><\/strong><strong><\/strong><\/p>\n<p>Unsere <strong>24h-Rezeptbestellhotline<\/strong> ist unter der Nummer 08106 \/ <strong>305 305<\/strong> erreichbar! Dort k\u00f6nnen Sie jederzeit (auch au\u00dferhalb der Sprechzeiten!) mittels eines tonwahlf\u00e4higen Telefons \u00fcber die Taste 1 Rezepte und \u00dcberweisungen bestellen. \u00dcber die Taste 2 kommen Sie zur gewohnten Dienstarztansage bzw. werden w\u00e4hrend der \u00d6ffnungszeiten zu unseren Damen weitergestellt.<\/p>\n","protected":false},"excerpt":{"rendered":"<p>*** Urlaub\/Sanierung \u00c4rztehaus *** Vom 30.03. bis 10.04.26 bleibt die Praxis geschlossen. Die Vertretung \u00fcbernehmen in DRINGENDEN F\u00e4llen: 30.3.-2.4.: Dr. Kemmerich &#8211; Fon 08106 5141 Drs. Maier\/Neef &#8211; Fon 08106 378880 7.4.-10.4.: Dr. Gro\u00df &#8211; Fon 08106 305300 Dr. Wiesholler &hellip; <a href=\"https:\/\/www.dr-gallitz.de\/\">Continue reading <span class=\"meta-nav\">&rarr;<\/span><\/a><\/p>\n","protected":false},"author":1,"featured_media":0,"parent":0,"menu_order":1,"comment_status":"closed","ping_status":"open","template":"","meta":{"footnotes":""},"class_list":["post-41","page","type-page","status-publish","hentry"],"_links":{"self":[{"href":"https:\/\/www.dr-gallitz.de\/index.php?rest_route=\/wp\/v2\/pages\/41","targetHints":{"allow":["GET"]}}],"collection":[{"href":"https:\/\/www.dr-gallitz.de\/index.php?rest_route=\/wp\/v2\/pages"}],"about":[{"href":"https:\/\/www.dr-gallitz.de\/index.php?rest_route=\/wp\/v2\/types\/page"}],"author":[{"embeddable":true,"href":"https:\/\/www.dr-gallitz.de\/index.php?rest_route=\/wp\/v2\/users\/1"}],"replies":[{"embeddable":true,"href":"https:\/\/www.dr-gallitz.de\/index.php?rest_route=%2Fwp%2Fv2%2Fcomments&post=41"}],"version-history":[{"count":241,"href":"https:\/\/www.dr-gallitz.de\/index.php?rest_route=\/wp\/v2\/pages\/41\/revisions"}],"predecessor-version":[{"id":796,"href":"https:\/\/www.dr-gallitz.de\/index.php?rest_route=\/wp\/v2\/pages\/41\/revisions\/796"}],"wp:attachment":[{"href":"https:\/\/www.dr-gallitz.de\/index.php?rest_route=%2Fwp%2Fv2%2Fmedia&parent=41"}],"curies":[{"name":"wp","href":"https:\/\/api.w.org\/{rel}","templated":true}]}}