{"id":6,"date":"2007-02-17T13:54:31","date_gmt":"2007-02-17T12:54:31","guid":{"rendered":"http:\/\/www.dr-gallitz.de\/?page_id=6"},"modified":"2023-04-03T11:34:53","modified_gmt":"2023-04-03T10:34:53","slug":"impressum","status":"publish","type":"page","link":"https:\/\/www.dr-gallitz.de\/?page_id=6","title":{"rendered":"Impressum"},"content":{"rendered":"<p>Verantwortlich f\u00fcr den Inhalt gem\u00e4\u00df \u00a7 6 Teledienstegesetz und \u00a7 10 Absatz 3 MDStV:<\/p>\n<p>Dr. med. Benedikt Gallitz<\/p>\n<p>Pflichtangaben gem\u00e4\u00df \u00a7 6 Teledienstegesetz:<\/p>\n<p>Zust\u00e4ndige \u00c4rztekammer: <a href=\"http:\/\/www.blaek.de\" title=\"Bayrische Landes\u00e4rztekammer\" target=\"_blank\" rel=\"noopener\">Bayern<\/a><\/p>\n<p>Zust\u00e4ndige kassen\u00e4rztliche Vereinigung: <a href=\"http:\/\/www.kvb.de\" title=\"Kassen\u00e4rztliche Vereinigung Bayerns\" target=\"_blank\" rel=\"noopener\">Bayern<\/a><\/p>\n<p>Gesetzliche Berufsbezeichnung:<\/p>\n<p>Dr. med. Benedikt Gallitz<br \/>\nAllgemeinarzt, Diabetologe (approbiert in Deutschland)<\/p>\n<p>Berufsrechtliche Regelungen:<\/p>\n<p>Die Berufsordnung f\u00fcr \u00c4rzte der \u00c4rztekammer Bayern finden Sie <a href=\"http:\/\/www.blaek.de\" title=\"Bayrische Landes\u00e4rztekammer\" target=\"_blank\" rel=\"noopener\">hier<\/a>.<\/p>\n<p><strong>Haftung:<\/strong><br \/>\nDie Webseiten meiner Praxis dienen allgemeinen Informationszwecken und wurden nach bestem Wissen erarbeitet. Jedoch kann keine Garantie daf\u00fcr \u00fcbernommen werden, da\u00df die vermittelten Informationen fehlerfrei und vollst\u00e4ndig sind. Ich \u00fcbernehme keine Haftung f\u00fcr die Richtigkeit, Vollst\u00e4ndigkeit und Anwendbarkeit der vorgehaltenen Informationen, sowie f\u00fcr Sch\u00e4den, die durch die Nutzung der dargestellten Informationen verursacht wurden.<\/p>\n<p>Mit Urteil vom 12.5.98 (312 O 85\/98) hat das Landgericht Hamburg entschieden, da\u00df man durch Setzen eines Links die Inhalte der gelinkten Seite mit zu verantworten hat. Dies kann nur dadurch verhindert werden, da\u00df man sich ausdr\u00fccklich von diesen Inhalten distanziert. F\u00fcr alle Links, die von dieser Internetseite zu anderen Internetseiten f\u00fchren, gilt deshalb: Die Verantwortlichen f\u00fcr diese Internetseite bzw. der Webmaster und der Arzt erkl\u00e4rt hiermit ausdr\u00fccklich, da\u00df sie keinerlei Einflu\u00df auf die Gestaltung und die Inhalte der gelinkten Seiten haben. Deshalb distanzieren sie sich hiermit ausdr\u00fccklich von allen Inhalten aller gelinkten Seiten und machen sich diese Inhalte nicht zu eigen.<\/p>\n","protected":false},"excerpt":{"rendered":"<p>Verantwortlich f\u00fcr den Inhalt gem\u00e4\u00df \u00a7 6 Teledienstegesetz und \u00a7 10 Absatz 3 MDStV: Dr. med. Benedikt Gallitz Pflichtangaben gem\u00e4\u00df \u00a7 6 Teledienstegesetz: Zust\u00e4ndige \u00c4rztekammer: Bayern Zust\u00e4ndige kassen\u00e4rztliche Vereinigung: Bayern Gesetzliche Berufsbezeichnung: Dr. med. Benedikt Gallitz Allgemeinarzt, Diabetologe (approbiert in &hellip; <a href=\"https:\/\/www.dr-gallitz.de\/?page_id=6\">Continue reading <span class=\"meta-nav\">&rarr;<\/span><\/a><\/p>\n","protected":false},"author":1,"featured_media":0,"parent":0,"menu_order":99,"comment_status":"closed","ping_status":"open","template":"","meta":{"footnotes":""},"class_list":["post-6","page","type-page","status-publish","hentry"],"_links":{"self":[{"href":"https:\/\/www.dr-gallitz.de\/index.php?rest_route=\/wp\/v2\/pages\/6","targetHints":{"allow":["GET"]}}],"collection":[{"href":"https:\/\/www.dr-gallitz.de\/index.php?rest_route=\/wp\/v2\/pages"}],"about":[{"href":"https:\/\/www.dr-gallitz.de\/index.php?rest_route=\/wp\/v2\/types\/page"}],"author":[{"embeddable":true,"href":"https:\/\/www.dr-gallitz.de\/index.php?rest_route=\/wp\/v2\/users\/1"}],"replies":[{"embeddable":true,"href":"https:\/\/www.dr-gallitz.de\/index.php?rest_route=%2Fwp%2Fv2%2Fcomments&post=6"}],"version-history":[{"count":7,"href":"https:\/\/www.dr-gallitz.de\/index.php?rest_route=\/wp\/v2\/pages\/6\/revisions"}],"predecessor-version":[{"id":612,"href":"https:\/\/www.dr-gallitz.de\/index.php?rest_route=\/wp\/v2\/pages\/6\/revisions\/612"}],"wp:attachment":[{"href":"https:\/\/www.dr-gallitz.de\/index.php?rest_route=%2Fwp%2Fv2%2Fmedia&parent=6"}],"curies":[{"name":"wp","href":"https:\/\/api.w.org\/{rel}","templated":true}]}}